{"id":2785,"date":"2017-12-23T09:50:22","date_gmt":"2017-12-23T09:50:22","guid":{"rendered":"http:\/\/kolumbienblog.com\/?page_id=2785"},"modified":"2017-12-23T09:50:56","modified_gmt":"2017-12-23T09:50:56","slug":"las-mejores-fechas-para-viajar-a-colombia","status":"publish","type":"page","link":"https:\/\/kolumbienblog.com\/es\/las-mejores-fechas-para-viajar-a-colombia\/","title":{"rendered":"Las mejores fechas para viajar a Colombia"},"content":{"rendered":"<h1>Las mejores fechas para viajar a Colombia<\/h1>\n<p>En general, se puede decir que Colombia es un destino que puede ser agradable durante todo el a\u00f1o. Debido a la proximidad al ecuador, las temperaturas var\u00edan m\u00ednimamente. \u00danicamente debido a las diferencias de altura, podr\u00e1 notar algunas fluctuaciones m\u00e1s prominentes de temperatura. Por ejemplo, Bogot\u00e1 es mucho m\u00e1s fresca que Medell\u00edn y Cartagena, las cuales son extremadamente calientes. En consecuencia, se puede decir que cuanto m\u00e1s alto es un lugar, m\u00e1s fr\u00edo es y, por lo tanto, se puede disfrutar de temperaturas menos agradables.<\/p>\n<p><script async src=\"\/\/pagead2.googlesyndication.com\/pagead\/js\/adsbygoogle.js\"><\/script><br \/>\n<!-- responsive --><br \/>\n<ins class=\"adsbygoogle\" style=\"display: block;\" data-ad-client=\"ca-pub-1350101000571997\" data-ad-slot=\"9450687462\" data-ad-format=\"auto\"><\/ins><br \/>\n<script>\n(adsbygoogle = window.adsbygoogle || []).push({});\n<\/script><\/p>\n<p>Pero ahora la cosa cambia con la precipitaci\u00f3n; s\u00ed, hay temporadas de lluvia en Colombia, incluso si no son siempre fijas. Las temporadas de lluvia oficiales para las \u00e1reas alrededor de Bogot\u00e1, Cali y Medell\u00edn son abril \/ mayo y, nuevamente se repiten entre septiembre y diciembre. Adem\u00e1s, hay que decir que la lluvia en esta \u00abtemporada de lluvias\u00bb que rara vez es continua y duradera. Durante mi tiempo en Medell\u00edn, rara vez pude diferenciar mucho entre la estaci\u00f3n seca y la temporada de lluvias.<\/p>\n<p>Llueve a veces, claro, durante la estaci\u00f3n lluviosa, pero teniendo en cuenta la cantidad de esta lluvia, no lo tendr\u00eda en cuenta a la hora de hacer que mis planes de viaje dependan de ello. Prefiero planificar los viajes para despu\u00e9s de las vacaciones y d\u00edas festivos en Colombia, as\u00ed como los eventos y festivales.<\/p>\n<p>En este sentido, se pueden evitar las migraciones tur\u00edsticas en masa o unirse a ellas si es lo que deseas, ya que puede que vaya a ir con sus hijos. Puede intentar ver algunos eventos muy agradables, como la <strong>Feria de las Flores en Medell\u00edn<\/strong> o el <strong>Carnaval en Barranquilla<\/strong>.<\/p>\n<h2><strong>Clima en la costa caribe\u00f1a de Colombia<\/strong><\/h2>\n<p>A lo largo de la costa del Caribe en el norte del pa\u00eds, el clima es c\u00e1lido y tropical, con una estaci\u00f3n lluviosa extensa entre mayo y noviembre,lo que hace que la precipitaci\u00f3n anual promedio sea de alrededor de 200 a 2500 mm con temperaturas promedio de alrededor de 25 grados. Si te mueves un poco m\u00e1s hacia el este, el clima cambia radicalmente y es bastante m\u00e1s seco. En el noreste, el estado de La Guajira se encuentra en una sabana seca con lluvia en abril, octubre y noviembre, y con temperaturas promedio de alrededor de 27 grados. La precipitaci\u00f3n anual es de solo 270 mm.<\/p>\n<h2><strong>Clima en la costa pac\u00edfica de Colombia<\/strong><\/h2>\n<p>La costa norte del Pac\u00edfico es una de las \u00e1reas m\u00e1s lluviosas del mundo. Generalmente presenta un clima tropical muy h\u00famedo con temperaturas promedio de alrededor de 24 grados. Avanzando hacia el sur a lo largo de la costa del Pac\u00edfico, tambi\u00e9n hay estaciones secas durante algunos meses.<\/p>\n<h2><strong>Clima en Medell\u00edn<\/strong><\/h2>\n<p>Medell\u00edn se encuentra en el valle de Aburra, en la parte occidental de las monta\u00f1as del norte de los Andes. La ciudad se encuentra a unos 1500 metros sobre el nivel del mar y tiene un clima tropical y muy h\u00famedo. Las temperaturas diurnas pueden alcanzar hasta 30 grados, aunque rara vez se alcanzan. Las temperaturas nocturnas caen como m\u00e1ximo 10 grados, pero incluso este es el extremo absoluto, porque la mayor\u00eda de las noches son mucho m\u00e1s c\u00e1lidas. En promedio, el clima en Medell\u00edn es relativamente c\u00e1lido durante todo el a\u00f1o, por lo que la ciudad es conocida como la Ciudad de la Eterna Primavera. En las aldeas en las monta\u00f1as circundantes, las temperaturas son un poco m\u00e1s fr\u00edas. Aquellos que a su vez se mudan a Santa Fe de Antioquia o a R\u00edo Claro, en las cercan\u00edas y en las partes bajas, notar\u00e1n r\u00e1pidamente que las temperaturas son bastante m\u00e1s altas aqu\u00ed.<\/p>\n<p>Las estaciones lluviosas son abril \/ mayo, y nuevamente entre septiembre y diciembre, con temporadas de lluvia relativamente peque\u00f1as.<\/p>\n<p>&nbsp;<\/p>\n<h2><strong>Gu\u00eda para viajar por Colombia durante un mes<\/strong><\/h2>\n<h3><strong>Viajar a Colombia entre Diciembre &#8211; Marzo<\/strong><\/h3>\n<p>Viajando por Colombia en su temporada alta, es de esperar que el sol sea abundante, lo que es ideal para explorar pueblos, aldeas y fincas de caf\u00e9, as\u00ed como para relajarse en la playa. Sin embargo, debe planificar su viaje con tiempo, porque en este per\u00edodo no solo a muchos turistas, sino tambi\u00e9n a los propios colombianos les gusta viajar por su propio pa\u00eds.<\/p>\n<h3><strong>Eventos &amp; Festivales<\/strong><\/h3>\n<ul>\n<li><strong>Festival de las Luces en Villa de Leyva<\/strong> (Principios de Diciembre): Se encienden velas en los balcones y terrazas. Casi siempre tiene lugar en todo el pa\u00eds sobre el 7 o el 8 de Diciembre.<\/li>\n<li><strong>Festival de Cali <\/strong>(Diciembre): Este festival de 5 d\u00edas se lleva a cabo entre Navidad y A\u00f1o Nuevo, y se inicia con un gran concierto frente a unos 60.000 espectadores. Al igual que en la Feria de las Flores en Medell\u00edn, varios eventos musicales, desfiles a caballo y paseos con coches de \u00e9poca se llevar\u00e1n a cabo durante todo el festival.<\/li>\n<li><strong>Festival del heno <\/strong>(Enero): El festival literario del heno en Cartagena dura unos 4 d\u00edas y est\u00e1 dotado de una gran cantidad de eventos y lecturas.<\/li>\n<li><strong>Festival blanco y negro en Pasto <\/strong>(Enero): Este festival en Pasto dura 3 d\u00edas. El d\u00eda 5 de Enero, la gente se suele pintar de negro y se pone ropa negra. A la ma\u00f1ana siguiente, se lanzan grandes cantidades de polvo de talco<\/li>\n<li><strong>Feria de Manizales<\/strong> (Enero): Este festival de una semana se lleva a cabo normalmente en las dos primeras semanas de Enero. Lo m\u00e1s destacado es el concurso de belleza, donde cada a\u00f1o se corona a la Reina Internacional del Caf\u00e9.<\/li>\n<li><strong>Carnaval de Barranquilla<\/strong> (Febrero): Los cuatro d\u00edas que duran las celebraciones hacen que el Carnaval de Barranquilla sea el segundo mayor del mundo tras el de R\u00edo de Janeiro.<\/li>\n<\/ul>\n<h3><strong>Viajar a Colombia entre Abril &#8211; Junio<\/strong><\/h3>\n<p>El comienzo de la temporada de lluvias proporciona climas h\u00famedos en algunas \u00e1reas, con lluvias cont\u00ednuas aunque muy inusuales. Si viaja por el pa\u00eds durante la Pascua, debe estar preparado para ver a muchos viajeros colombianos, ya que en la Semana Santa se hace un viaje popular entre los colombianos. En cualquier caso, debe planificar su viaje con tiempo.<\/p>\n<h3><strong>Eventos &amp; Festivales<\/strong><\/h3>\n<ul>\n<li><strong>Desfiles de Semana Santa en Popay\u00e1n<\/strong> (Marzo-Abril): Se transportan estatuas de madera talladas durante 2km por las calles durante los desfiles.<\/li>\n<\/ul>\n<h3><strong>Viajar a Colombia entre Julio &#8211; Agosto<\/strong><\/h3>\n<p>Esta es una corta estaci\u00f3n seca en muchas \u00e1reas de Colombia, perfecta para explorar los aspectos culturales m\u00e1s destacados del pa\u00eds, as\u00ed como \u00e1reas rurales, selvas y playas. Durante este tiempo, sin embargo, tambi\u00e9n puede ser que, de acuerdo con las vacaciones escolares europeas, los precios de los vuelos pueden ser un poco m\u00e1s altos.<\/p>\n<h3><strong>Eventos &amp; Festivales<\/strong><\/h3>\n<ul>\n<li><strong>Feria de las Flores en Medell\u00edn <\/strong>(Agosto): cada a\u00f1o, Medell\u00edn es sede de la Feria de las Flores. Aqu\u00ed, los arreglos florales creados por los silleteros se muestran durante los desfiles en las calles de la ciudad. Durante estas fechas, tambi\u00e9n hay muchos conciertos y otros eventos en la ciudad.<\/li>\n<li><strong>Festival Mundial de Salsa en Cali <\/strong>(Agosto): la capital de la salsa acoge este festival de m\u00fasica de 8 d\u00edas en Agosto. M\u00e1s de 4000 bailarines, artistas y m\u00fasicos participan en varios eventos.<\/li>\n<li><strong>Festival de Folklore en Buenaventura (Agosto): <\/strong>este festival celebra la diversidad art\u00edstica y cultural de la regi\u00f3n. Puede esperar una colorida mezcla de baile, m\u00fasica, comida, literatura y poes\u00eda.<\/li>\n<\/ul>\n<h3><strong>Viajar a Colombia entre Septiembre &#8211; Noviembre<\/strong><\/h3>\n<p>Esta es en realidad la temporada baja en Colombia, pero dada la ubicaci\u00f3n geogr\u00e1fica \u00fanica del pa\u00eds, su viaje no se ver\u00e1 afectado por la lluvia prolongada, incluso durante este tiempo. Todav\u00eda es posible esperar per\u00edodos largos de sequ\u00eda, y muchos viajeros utilizan este tiempo fuera de la temporada principal para tener una mayor variedad de alojamiento y pagar menos por ello que en los meses siguientes, debido a la falta de visitantes.<\/p>\n<h3><strong>Eventos &amp; Festivales<\/strong><\/h3>\n<ul>\n<li><strong>D\u00eda de la Independencia de Cartagena <\/strong>(11 de Noviembre): Aquellos que est\u00e9n en Cartagena durante esta fecha, podr\u00e1n presenciar coloridos desfiles, m\u00fasica y espect\u00e1culos de danza.<\/li>\n<\/ul>\n<p>&nbsp;<\/p>\n","protected":false},"excerpt":{"rendered":"<p>Las mejores fechas para viajar a Colombia En general, se puede decir que Colombia es un destino que puede ser agradable durante todo el a\u00f1o. Debido a la proximidad al&hellip; <\/p>\n","protected":false},"author":1,"featured_media":2789,"parent":0,"menu_order":0,"comment_status":"closed","ping_status":"closed","template":"","meta":{"footnotes":""},"class_list":["post-2785","page","type-page","status-publish","has-post-thumbnail","hentry"],"aioseo_notices":[],"_links":{"self":[{"href":"https:\/\/kolumbienblog.com\/es\/wp-json\/wp\/v2\/pages\/2785","targetHints":{"allow":["GET"]}}],"collection":[{"href":"https:\/\/kolumbienblog.com\/es\/wp-json\/wp\/v2\/pages"}],"about":[{"href":"https:\/\/kolumbienblog.com\/es\/wp-json\/wp\/v2\/types\/page"}],"author":[{"embeddable":true,"href":"https:\/\/kolumbienblog.com\/es\/wp-json\/wp\/v2\/users\/1"}],"replies":[{"embeddable":true,"href":"https:\/\/kolumbienblog.com\/es\/wp-json\/wp\/v2\/comments?post=2785"}],"version-history":[{"count":4,"href":"https:\/\/kolumbienblog.com\/es\/wp-json\/wp\/v2\/pages\/2785\/revisions"}],"predecessor-version":[{"id":2790,"href":"https:\/\/kolumbienblog.com\/es\/wp-json\/wp\/v2\/pages\/2785\/revisions\/2790"}],"wp:featuredmedia":[{"embeddable":true,"href":"https:\/\/kolumbienblog.com\/es\/wp-json\/wp\/v2\/media\/2789"}],"wp:attachment":[{"href":"https:\/\/kolumbienblog.com\/es\/wp-json\/wp\/v2\/media?parent=2785"}],"curies":[{"name":"wp","href":"https:\/\/api.w.org\/{rel}","templated":true}]}}