{"id":2752,"date":"2017-12-19T18:08:30","date_gmt":"2017-12-19T18:08:30","guid":{"rendered":"http:\/\/kolumbienblog.com\/?page_id=2752"},"modified":"2017-12-19T18:08:30","modified_gmt":"2017-12-19T18:08:30","slug":"sobre-mi","status":"publish","type":"page","link":"https:\/\/kolumbienblog.com\/es\/sobre-mi\/","title":{"rendered":"Sobre m\u00ed"},"content":{"rendered":"<p><strong>Sobre m\u00ed<\/strong><\/p>\n<p>A principios del a\u00f1o 2012, la empresa para la que trabajo me pregunt\u00f3 si me gustar\u00eda aceptar un trabajo en Medell\u00edn, Colombia, y ya que nunca antes hab\u00eda estado en Am\u00e9rica Latina, lo vi como una gran oportunidad para conocer este maravilloso continente y, como \u00faltimo fin, aprender espa\u00f1ol.<\/p>\n<p>El 24 de septiembre de 2012 finalmente lleg\u00f3 el momento. Despu\u00e9s de haber vivido y trabajado en la hermosa isla mediterr\u00e1nea de Malta durante 4 a\u00f1os, part\u00ed hacia Medell\u00edn, Colombia. Poco despu\u00e9s de llegar a esta zona, ten\u00eda claro que este podr\u00eda ser un lugar en el que me gustar\u00eda pasar toda mi vida.<\/p>\n<p><a href=\"http:\/\/kolumbienblog.com\/wp-content\/uploads\/2014\/03\/1604847_10201920708880484_1365904575_n.jpg\"><img fetchpriority=\"high\" decoding=\"async\" class=\"aligncenter wp-image-962\" src=\"http:\/\/kolumbienblog.com\/wp-content\/uploads\/2014\/03\/1604847_10201920708880484_1365904575_n.jpg\" alt=\"Toto und ich\" width=\"500\" height=\"500\" srcset=\"https:\/\/kolumbienblog.com\/wp-content\/uploads\/2014\/03\/1604847_10201920708880484_1365904575_n.jpg 960w, https:\/\/kolumbienblog.com\/wp-content\/uploads\/2014\/03\/1604847_10201920708880484_1365904575_n-150x150.jpg 150w, https:\/\/kolumbienblog.com\/wp-content\/uploads\/2014\/03\/1604847_10201920708880484_1365904575_n-300x300.jpg 300w, https:\/\/kolumbienblog.com\/wp-content\/uploads\/2014\/03\/1604847_10201920708880484_1365904575_n-768x768.jpg 768w, https:\/\/kolumbienblog.com\/wp-content\/uploads\/2014\/03\/1604847_10201920708880484_1365904575_n-600x600.jpg 600w, https:\/\/kolumbienblog.com\/wp-content\/uploads\/2014\/03\/1604847_10201920708880484_1365904575_n-200x200.jpg 200w, https:\/\/kolumbienblog.com\/wp-content\/uploads\/2014\/03\/1604847_10201920708880484_1365904575_n-80x80.jpg 80w\" sizes=\"(max-width: 500px) 100vw, 500px\" \/><\/a><\/p>\n<p>Despu\u00e9s de un a\u00f1o y medio, decid\u00ed describir todas mis experiencias en Colombia en un blog. No soy muy talentoso escribiendo, pero con este blog espero acercar a la gente a Colombia, adem\u00e1s de poder ayudar con informaci\u00f3n \u00fatil. Quiero que mi blog sirva como una fuente \u00fatil de informaci\u00f3n para viajeros y expatriados que deseen conocer este pa\u00eds \u00fanico, maravilloso, amigable y muy seguro.<\/p>\n<p>Pero este blog de Colombia no solo debe ser mi blog, ya que me gustar\u00eda mucho m\u00e1s que crease una comunidad para que, por lo tanto, cualquier otro fan\u00e1tico colombiano pudiese publicar sus propias experiencias, art\u00edculos, eventos y v\u00eddeos. Puedes hacer todo esto en \u00abTus art\u00edculos\u00bb.<\/p>\n<p style=\"text-align: left;\">\n","protected":false},"excerpt":{"rendered":"<p>Sobre m\u00ed A principios del a\u00f1o 2012, la empresa para la que trabajo me pregunt\u00f3 si me gustar\u00eda aceptar un trabajo en Medell\u00edn, Colombia, y ya que nunca antes hab\u00eda&hellip; <\/p>\n","protected":false},"author":1,"featured_media":962,"parent":0,"menu_order":0,"comment_status":"closed","ping_status":"open","template":"","meta":{"footnotes":""},"class_list":["post-2752","page","type-page","status-publish","has-post-thumbnail","hentry"],"aioseo_notices":[],"_links":{"self":[{"href":"https:\/\/kolumbienblog.com\/es\/wp-json\/wp\/v2\/pages\/2752","targetHints":{"allow":["GET"]}}],"collection":[{"href":"https:\/\/kolumbienblog.com\/es\/wp-json\/wp\/v2\/pages"}],"about":[{"href":"https:\/\/kolumbienblog.com\/es\/wp-json\/wp\/v2\/types\/page"}],"author":[{"embeddable":true,"href":"https:\/\/kolumbienblog.com\/es\/wp-json\/wp\/v2\/users\/1"}],"replies":[{"embeddable":true,"href":"https:\/\/kolumbienblog.com\/es\/wp-json\/wp\/v2\/comments?post=2752"}],"version-history":[{"count":2,"href":"https:\/\/kolumbienblog.com\/es\/wp-json\/wp\/v2\/pages\/2752\/revisions"}],"predecessor-version":[{"id":2754,"href":"https:\/\/kolumbienblog.com\/es\/wp-json\/wp\/v2\/pages\/2752\/revisions\/2754"}],"wp:featuredmedia":[{"embeddable":true,"href":"https:\/\/kolumbienblog.com\/es\/wp-json\/wp\/v2\/media\/962"}],"wp:attachment":[{"href":"https:\/\/kolumbienblog.com\/es\/wp-json\/wp\/v2\/media?parent=2752"}],"curies":[{"name":"wp","href":"https:\/\/api.w.org\/{rel}","templated":true}]}}