{"id":22393,"date":"2025-05-04T08:21:17","date_gmt":"2025-05-04T08:21:17","guid":{"rendered":"https:\/\/kolumbienblog.com\/?page_id=22393"},"modified":"2025-05-04T08:28:24","modified_gmt":"2025-05-04T08:28:24","slug":"guatape","status":"publish","type":"page","link":"https:\/\/kolumbienblog.com\/es\/guatape\/","title":{"rendered":"Guatap\u00e9 &#8211; Viaje, consejos, precios e informaci\u00f3n"},"content":{"rendered":"\t\t<div data-elementor-type=\"wp-page\" data-elementor-id=\"22393\" class=\"elementor elementor-22393 elementor-54\">\n\t\t\t\t\t\t<section class=\"elementor-section elementor-top-section elementor-element elementor-element-41404994 elementor-section-boxed elementor-section-height-default elementor-section-height-default\" data-id=\"41404994\" data-element_type=\"section\">\n\t\t\t\t\t\t<div class=\"elementor-container elementor-column-gap-default\">\n\t\t\t\t\t<div class=\"elementor-column elementor-col-100 elementor-top-column elementor-element elementor-element-568c5976\" data-id=\"568c5976\" data-element_type=\"column\">\n\t\t\t<div class=\"elementor-widget-wrap elementor-element-populated\">\n\t\t\t\t\t\t<div class=\"elementor-element elementor-element-ee2676c elementor-widget elementor-widget-text-editor\" data-id=\"ee2676c\" data-element_type=\"widget\" data-widget_type=\"text-editor.default\">\n\t\t\t\t<div class=\"elementor-widget-container\">\n\t\t\t\t\t\t\t\t\t<p>Guatap\u00e9, la peque\u00f1a y colorida ciudad de Antioquia, se encuentra a unas 2 horas (80 km) al este de Medell\u00edn.<\/p><p>Guatap\u00e9 es especialmente famosa por sus z\u00f3calos (murales en relieve) art\u00edsticamente decorados en las casas y por El Pe\u00f1\u00f3n de Guatap\u00e9 (tambi\u00e9n conocido como el Pe\u00f1ol), situado frente a ella. Este pe\u00f1\u00f3n tiene unos 200 metros de altura y alcanza una altura total de 2135 metros. Se puede acceder a la cima a trav\u00e9s de 649 escalones. Probablemente se form\u00f3 hace m\u00e1s de 70 millones de a\u00f1os. Desde la cima se puede disfrutar de una vista incre\u00edble del paisaje circundante. Supuestamente la mejor vista del mundo, al menos eso es lo que afirma el cartel al pie de la roca.<\/p><p><em><span style=\"text-decoration: underline;\">Quiz\u00e1 tambi\u00e9n sea interesante:<\/span><\/em><\/p>\t\t\t\t\t\t\t\t<\/div>\n\t\t\t\t<\/div>\n\t\t\t\t<div class=\"elementor-element elementor-element-42a49e3 elementor-widget elementor-widget-spacer\" data-id=\"42a49e3\" data-element_type=\"widget\" data-widget_type=\"spacer.default\">\n\t\t\t\t<div class=\"elementor-widget-container\">\n\t\t\t\t\t\t\t<div class=\"elementor-spacer\">\n\t\t\t<div class=\"elementor-spacer-inner\"><\/div>\n\t\t<\/div>\n\t\t\t\t\t\t<\/div>\n\t\t\t\t<\/div>\n\t\t\t\t<div class=\"elementor-element elementor-element-5d8ae93 elementor-widget elementor-widget-heading\" data-id=\"5d8ae93\" data-element_type=\"widget\" data-widget_type=\"heading.default\">\n\t\t\t\t<div class=\"elementor-widget-container\">\n\t\t\t\t\t<h3 class=\"elementor-heading-title elementor-size-default\">C\u00f3mo llegar a Guatap\u00e9 desde Medell\u00edn<\/h3>\t\t\t\t<\/div>\n\t\t\t\t<\/div>\n\t\t\t\t<div class=\"elementor-element elementor-element-12512e4 elementor-widget elementor-widget-text-editor\" data-id=\"12512e4\" data-element_type=\"widget\" data-widget_type=\"text-editor.default\">\n\t\t\t\t<div class=\"elementor-widget-container\">\n\t\t\t\t\t\t\t\t\t<p><strong>\u00bfC\u00f3mo llegar de Medell\u00edn a Guatap\u00e9?<\/strong><\/p><p>La mejor manera de llegar a Guatap\u00e9 es en <strong>autob\u00fas desde Medell\u00edn (Terminal del Norte)<\/strong>. El trayecto <strong>dura unas 2 horas<\/strong> y cuesta entre <strong>15.000 y 20.000 COP<\/strong> (unos 4-5 USD). Tambi\u00e9n se puede reservar un taxi privado o una excursi\u00f3n de un d\u00eda. <strong>La Terminal del Norte se encuentra directamente en la estaci\u00f3n de metro Caribe de la l\u00ednea B.<\/strong><\/p><p>Los autobuses <strong>Sotra Sanvicente y Sotrape\u00f1ol<\/strong> (as\u00ed como otros proveedores) circulan a <strong>diario de 6.00 a 18.30<\/strong> cada dos horas y paran tanto en la pe\u00f1a El Pe\u00f1ol como en <strong>el centro de Guatap\u00e9.<\/strong><\/p><p><strong>Punto de salida<\/strong>: Medell\u00edn Terminal del Norte (estaci\u00f3n de metro Caribe)<\/p><p><strong>Horario de salida<\/strong>: 6:00 &#8211; 18:30 (cada 2 horas)<\/p><p><strong>Precio<\/strong>: 15.000 &#8211; 20.000 COP<\/p><p>Desde Guatap\u00e9 de vuelta a Medell\u00edn, los autobuses circulan entre las <strong>6:00 y las 17:30<\/strong> y <strong>salen del centro, en el paseo mar\u00edtimo.<\/strong><\/p><p>Desde El Pe\u00f1ol, puede tomar uno de los muchos moto-ratones (moto-taxis como tuk-tuks) para llegar a Guatap\u00e9. El trayecto s\u00f3lo dura unos minutos.<\/p><p>Si le resulta demasiado complicado hacerlo por su cuenta, tambi\u00e9n puede reservar una excursi\u00f3n a Guatap\u00e9 aqu\u00ed.<\/p><p data-start=\"243\" data-end=\"336\" data-is-last-node=\"\" data-is-only-node=\"\">\u00a0<\/p>\t\t\t\t\t\t\t\t<\/div>\n\t\t\t\t<\/div>\n\t\t\t\t<div class=\"elementor-element elementor-element-3518c4c elementor-widget elementor-widget-image\" data-id=\"3518c4c\" data-element_type=\"widget\" data-widget_type=\"image.default\">\n\t\t\t\t<div class=\"elementor-widget-container\">\n\t\t\t\t\t\t\t\t\t\t\t\t\t\t\t<img fetchpriority=\"high\" decoding=\"async\" width=\"1024\" height=\"768\" src=\"https:\/\/kolumbienblog.com\/wp-content\/uploads\/2014\/03\/guatapetop2-1024x768.jpg\" class=\"attachment-large size-large wp-image-3165\" alt=\"La Piedra el Pe\u00f1ol Guatape\" srcset=\"https:\/\/kolumbienblog.com\/wp-content\/uploads\/2014\/03\/guatapetop2-1024x768.jpg 1024w, https:\/\/kolumbienblog.com\/wp-content\/uploads\/2014\/03\/guatapetop2-300x225.jpg 300w, https:\/\/kolumbienblog.com\/wp-content\/uploads\/2014\/03\/guatapetop2-100x75.jpg 100w, https:\/\/kolumbienblog.com\/wp-content\/uploads\/2014\/03\/guatapetop2-150x112.jpg 150w, https:\/\/kolumbienblog.com\/wp-content\/uploads\/2014\/03\/guatapetop2-200x150.jpg 200w, https:\/\/kolumbienblog.com\/wp-content\/uploads\/2014\/03\/guatapetop2-450x337.jpg 450w, https:\/\/kolumbienblog.com\/wp-content\/uploads\/2014\/03\/guatapetop2-600x450.jpg 600w, https:\/\/kolumbienblog.com\/wp-content\/uploads\/2014\/03\/guatapetop2-900x675.jpg 900w\" sizes=\"(max-width: 1024px) 100vw, 1024px\" \/>\t\t\t\t\t\t\t\t\t\t\t\t\t\t\t<\/div>\n\t\t\t\t<\/div>\n\t\t\t\t<div class=\"elementor-element elementor-element-b2f8c14 elementor-widget elementor-widget-spacer\" data-id=\"b2f8c14\" data-element_type=\"widget\" data-widget_type=\"spacer.default\">\n\t\t\t\t<div class=\"elementor-widget-container\">\n\t\t\t\t\t\t\t<div class=\"elementor-spacer\">\n\t\t\t<div class=\"elementor-spacer-inner\"><\/div>\n\t\t<\/div>\n\t\t\t\t\t\t<\/div>\n\t\t\t\t<\/div>\n\t\t\t\t<div class=\"elementor-element elementor-element-16cc5b8 elementor-widget elementor-widget-text-editor\" data-id=\"16cc5b8\" data-element_type=\"widget\" data-widget_type=\"text-editor.default\">\n\t\t\t\t<div class=\"elementor-widget-container\">\n\t\t\t\t\t\t\t\t\t<p>El paisaje de Guatap\u00e9 se caracteriza por un gran embalse. Se cre\u00f3 cuando se inund\u00f3 el valle y se utiliza tanto para generar electricidad como para entretener a los turistas.<\/p><p>El lago ofrece una amplia gama de deportes acu\u00e1ticos, como el jet ski.<\/p>\t\t\t\t\t\t\t\t<\/div>\n\t\t\t\t<\/div>\n\t\t\t\t<div class=\"elementor-element elementor-element-824f282 elementor-widget elementor-widget-image\" data-id=\"824f282\" data-element_type=\"widget\" data-widget_type=\"image.default\">\n\t\t\t\t<div class=\"elementor-widget-container\">\n\t\t\t\t\t\t\t\t\t\t\t\t\t\t\t<img decoding=\"async\" width=\"1024\" height=\"768\" src=\"https:\/\/kolumbienblog.com\/wp-content\/uploads\/2014\/03\/elpenol2-1024x768.jpg\" class=\"attachment-large size-large wp-image-3166\" alt=\"la piedra el Pe\u00f1ol\" srcset=\"https:\/\/kolumbienblog.com\/wp-content\/uploads\/2014\/03\/elpenol2-1024x768.jpg 1024w, https:\/\/kolumbienblog.com\/wp-content\/uploads\/2014\/03\/elpenol2-300x225.jpg 300w, https:\/\/kolumbienblog.com\/wp-content\/uploads\/2014\/03\/elpenol2-100x75.jpg 100w, https:\/\/kolumbienblog.com\/wp-content\/uploads\/2014\/03\/elpenol2-150x112.jpg 150w, https:\/\/kolumbienblog.com\/wp-content\/uploads\/2014\/03\/elpenol2-200x150.jpg 200w, https:\/\/kolumbienblog.com\/wp-content\/uploads\/2014\/03\/elpenol2-450x337.jpg 450w, https:\/\/kolumbienblog.com\/wp-content\/uploads\/2014\/03\/elpenol2-600x450.jpg 600w, https:\/\/kolumbienblog.com\/wp-content\/uploads\/2014\/03\/elpenol2-900x675.jpg 900w\" sizes=\"(max-width: 1024px) 100vw, 1024px\" \/>\t\t\t\t\t\t\t\t\t\t\t\t\t\t\t<\/div>\n\t\t\t\t<\/div>\n\t\t\t\t<div class=\"elementor-element elementor-element-fc2f16c elementor-widget elementor-widget-text-editor\" data-id=\"fc2f16c\" data-element_type=\"widget\" data-widget_type=\"text-editor.default\">\n\t\t\t\t<div class=\"elementor-widget-container\">\n\t\t\t\t\t\t\t\t\t<p>Muchos <strong>paisas<\/strong> (habitantes de Antioquia) se sienten atra\u00eddos por una de las muchas <strong>fincas<\/strong> que rodean el lago, sobre todo los fines de semana largos. Toda la familia suele viajar para pasar unos d\u00edas lejos de la ciudad.<\/p>\t\t\t\t\t\t\t\t<\/div>\n\t\t\t\t<\/div>\n\t\t\t\t<div class=\"elementor-element elementor-element-fb3a43e elementor-widget elementor-widget-spacer\" data-id=\"fb3a43e\" data-element_type=\"widget\" data-widget_type=\"spacer.default\">\n\t\t\t\t<div class=\"elementor-widget-container\">\n\t\t\t\t\t\t\t<div class=\"elementor-spacer\">\n\t\t\t<div class=\"elementor-spacer-inner\"><\/div>\n\t\t<\/div>\n\t\t\t\t\t\t<\/div>\n\t\t\t\t<\/div>\n\t\t\t\t<div class=\"elementor-element elementor-element-9c8cdc2 elementor-widget elementor-widget-heading\" data-id=\"9c8cdc2\" data-element_type=\"widget\" data-widget_type=\"heading.default\">\n\t\t\t\t<div class=\"elementor-widget-container\">\n\t\t\t\t\t<h2 class=\"elementor-heading-title elementor-size-default\">El pueblo de Guatap\u00e9<\/h2>\t\t\t\t<\/div>\n\t\t\t\t<\/div>\n\t\t\t\t<div class=\"elementor-element elementor-element-1639ae5 elementor-widget elementor-widget-text-editor\" data-id=\"1639ae5\" data-element_type=\"widget\" data-widget_type=\"text-editor.default\">\n\t\t\t\t<div class=\"elementor-widget-container\">\n\t\t\t\t\t\t\t\t\t<p>Disfrute de las <strong>calles empedradas<\/strong>, <strong>las casas de colores<\/strong> y <strong>el ambiente relajado<\/strong>, y si\u00e9ntese a tomar un tinto (caf\u00e9) en uno de los acogedores caf\u00e9s del pueblo.<\/p><p>Rel\u00e1jese en las afueras del pueblo almorzando junto al lago.<\/p><p>Pruebe especialidades t\u00edpicas colombianas como el <strong>sancocho<\/strong>, el <strong>mondongo<\/strong>, el <strong>ajiaco<\/strong> o las <strong>empanadas<\/strong>.<\/p><p>O del\u00e9itese con la cocina europea en uno de los restaurantes, especialmente recomendable si lleva tiempo de viaje.<\/p>\t\t\t\t\t\t\t\t<\/div>\n\t\t\t\t<\/div>\n\t\t\t\t<div class=\"elementor-element elementor-element-bdbb309 elementor-widget elementor-widget-heading\" data-id=\"bdbb309\" data-element_type=\"widget\" data-widget_type=\"heading.default\">\n\t\t\t\t<div class=\"elementor-widget-container\">\n\t\t\t\t\t<h4 class=\"elementor-heading-title elementor-size-default\">Edificios, plazas y monumentos de inter\u00e9s en Guatap\u00e9<\/h4>\t\t\t\t<\/div>\n\t\t\t\t<\/div>\n\t\t\t\t<div class=\"elementor-element elementor-element-f0876ff elementor-widget elementor-widget-text-editor\" data-id=\"f0876ff\" data-element_type=\"widget\" data-widget_type=\"text-editor.default\">\n\t\t\t\t<div class=\"elementor-widget-container\">\n\t\t\t\t\t\t\t\t\t<p><strong>1\u00aa Iglesia de Nuestra Se\u00f1ora del Carmen (Iglesia de Guatap\u00e9)<\/strong><\/p><p><strong>Descripci\u00f3n<\/strong>: Esta hist\u00f3rica iglesia, situada en el centro de Guatap\u00e9, es un notable ejemplo de la arquitectura colonial de la regi\u00f3n. Posee una hermosa fachada y es un importante hito religioso y cultural para la comunidad local. El campanario de la iglesia es particularmente notable y un motivo fotogr\u00e1fico popular.<\/p><p><strong>Actividades<\/strong>: Visita a la iglesia, descubrimientos culturales, fotograf\u00eda.<\/p><p><strong>2\u00aa Plaza de los Z\u00f3calos<\/strong><\/p><p><strong>Descripci\u00f3n<\/strong>: La Plaza de los Z\u00f3calos es el centro del pueblo y el lugar perfecto para admirar los famosos Z\u00f3calos. Estos murales en relieve adornan las paredes de las casas y cuentan historias de la historia y la cultura de Guatap\u00e9 y Antioquia.<\/p><p><strong>Actividades<\/strong>: pasea por la plaza, saca fotos de los z\u00f3calos de las casas y descubre el arte local.<\/p><p><strong>3a Casa de la Cultura<\/strong><\/p><p><strong>Descripci\u00f3n<\/strong>: La Casa de la Cultura es un centro cultural de Guatap\u00e9 que ofrece diversas actividades y eventos como exposiciones de arte, espect\u00e1culos de m\u00fasica y danza y fiestas locales. Tambi\u00e9n sirve como centro de promoci\u00f3n de la cultura y el arte regional.<\/p><p><strong>Actividades<\/strong>: Participaci\u00f3n en eventos culturales, exposiciones de arte y festivales locales.<\/p><p><strong>4\u00ba Edificio del Banco de la Rep\u00fablica<\/strong><\/p><p><strong>Descripci\u00f3n<\/strong>: El edificio del Banco de la Rep\u00fablica es uno de los edificios hist\u00f3ricos m\u00e1s llamativos de Guatap\u00e9. Es una parte importante del patrimonio de la ciudad y tiene una arquitectura muy tradicional.<\/p><p><strong>Actividades<\/strong>: Recorrido por el edificio y sus alrededores.<\/p><p><strong>5\u00aa Calle 30 (Calle de los Z\u00f3calos)<\/strong><\/p><p><strong>Descripci\u00f3n<\/strong>: Esta calle es famosa por su colorida arquitectura y por los z\u00f3calos que se pueden encontrar en las paredes de las casas a lo largo de la acera. Estas representaciones art\u00edsticas muestran diversas escenas de la vida cotidiana en Guatap\u00e9 y dan una idea de la cultura local.<\/p><p><strong>Actividades<\/strong>: Pasee por las calles, tome fotos de los coloridos edificios y murales.<\/p>\t\t\t\t\t\t\t\t<\/div>\n\t\t\t\t<\/div>\n\t\t\t\t<div class=\"elementor-element elementor-element-e60f287 elementor-widget elementor-widget-image\" data-id=\"e60f287\" data-element_type=\"widget\" data-widget_type=\"image.default\">\n\t\t\t\t<div class=\"elementor-widget-container\">\n\t\t\t\t\t\t\t\t\t\t\t\t\t\t\t<img decoding=\"async\" width=\"1024\" height=\"768\" src=\"https:\/\/kolumbienblog.com\/wp-content\/uploads\/2025\/03\/IMG_7724-1024x768.jpg\" class=\"attachment-large size-large wp-image-22208\" alt=\"Guatape Kolumbien\" srcset=\"https:\/\/kolumbienblog.com\/wp-content\/uploads\/2025\/03\/IMG_7724-1024x768.jpg 1024w, https:\/\/kolumbienblog.com\/wp-content\/uploads\/2025\/03\/IMG_7724-300x225.jpg 300w, https:\/\/kolumbienblog.com\/wp-content\/uploads\/2025\/03\/IMG_7724-768x576.jpg 768w, https:\/\/kolumbienblog.com\/wp-content\/uploads\/2025\/03\/IMG_7724-1536x1152.jpg 1536w, https:\/\/kolumbienblog.com\/wp-content\/uploads\/2025\/03\/IMG_7724-2048x1536.jpg 2048w\" sizes=\"(max-width: 1024px) 100vw, 1024px\" \/>\t\t\t\t\t\t\t\t\t\t\t\t\t\t\t<\/div>\n\t\t\t\t<\/div>\n\t\t\t\t<div class=\"elementor-element elementor-element-5391fcc elementor-widget elementor-widget-spacer\" data-id=\"5391fcc\" data-element_type=\"widget\" data-widget_type=\"spacer.default\">\n\t\t\t\t<div class=\"elementor-widget-container\">\n\t\t\t\t\t\t\t<div class=\"elementor-spacer\">\n\t\t\t<div class=\"elementor-spacer-inner\"><\/div>\n\t\t<\/div>\n\t\t\t\t\t\t<\/div>\n\t\t\t\t<\/div>\n\t\t\t\t<div class=\"elementor-element elementor-element-9ba0c4b elementor-widget elementor-widget-heading\" data-id=\"9ba0c4b\" data-element_type=\"widget\" data-widget_type=\"heading.default\">\n\t\t\t\t<div class=\"elementor-widget-container\">\n\t\t\t\t\t<h3 class=\"elementor-heading-title elementor-size-default\">Actividades y lugares de inter\u00e9s en Guatap\u00e9, Colombia<\/h3>\t\t\t\t<\/div>\n\t\t\t\t<\/div>\n\t\t\t\t<div class=\"elementor-element elementor-element-1352215 elementor-widget elementor-widget-text-editor\" data-id=\"1352215\" data-element_type=\"widget\" data-widget_type=\"text-editor.default\">\n\t\t\t\t<div class=\"elementor-widget-container\">\n\t\t\t\t\t\t\t\t\t<p>Adem\u00e1s del mundialmente famoso <strong>El Pe\u00f1ol<\/strong> y <strong>los pintorescos Z\u00f3calos<\/strong>, Guatap\u00e9 tiene mucho m\u00e1s que ofrecer. Cuando visite el pueblo, disfrute tambi\u00e9n del hermoso paisaje que rodea el embalse de Guatap\u00e9. Aqu\u00ed no s\u00f3lo podr\u00e1 pasear en barco, sino tambi\u00e9n probar actividades como el windsurf y la pesca.<\/p><p>Para los m\u00e1s aventureros, las monta\u00f1as que rodean Guatap\u00e9 ofrecen numerosas rutas de senderismo y cicloturismo. Puede caminar hasta cascadas remotas como <strong>la Cascada La Cuba<\/strong> o ir en bicicleta de monta\u00f1a hasta una de las fincas tradicionales de las colinas para disfrutar de caf\u00e9 reci\u00e9n hecho.<\/p><p>Para una visi\u00f3n cultural adicional, visite la <strong>Casa Museo de Guatap\u00e9<\/strong>, donde podr\u00e1 aprender m\u00e1s sobre la historia de la regi\u00f3n y el desarrollo del embalse.<\/p>\t\t\t\t\t\t\t\t<\/div>\n\t\t\t\t<\/div>\n\t\t\t\t<div class=\"elementor-element elementor-element-6454d1e elementor-widget elementor-widget-text-editor\" data-id=\"6454d1e\" data-element_type=\"widget\" data-widget_type=\"text-editor.default\">\n\t\t\t\t<div class=\"elementor-widget-container\">\n\t\t\t\t\t\t\t\t\t<p><strong>El Pe\u00f1\u00f3n de Guatap\u00e9 (El Pe\u00f1ol)<\/strong><\/p><p>Suba a la impresionante roca El Pe\u00f1\u00f3n de Guatap\u00e9 (El Pe\u00f1ol) desde lo alto para disfrutar de una vista maravillosa.<\/p><p><strong>Horario de apertura<\/strong>: Todos los d\u00edas de 8:00 a 18:00<\/p><p><strong>Entrada<\/strong>: 25.000 COP para adultos, 15.000 COP para pensionistas y ni\u00f1os<\/p><p><strong>Duraci\u00f3n de la subida<\/strong>: 15 &#8211; 30 minutos dependiendo de su forma f\u00edsica<\/p><p><strong>Consejo<\/strong>: aseg\u00farese de llevar agua y suba temprano por la ma\u00f1ana o por la tarde para evitar el calor del mediod\u00eda.<\/p><p><strong>Deportes acu\u00e1ticos<\/strong><\/p><p>Si le gusta la actividad, puede practicar moto acu\u00e1tica en el lago o dar un paseo en barco. Tambi\u00e9n se alquilan kayaks y tablas de paddle surf.<\/p><p><strong>Precios<\/strong>:<\/p><ul><li>Moto acu\u00e1tica 30 minutos desde 140.000 COP<\/li><li>Kayak desde 50.000 COP por hora<\/li><li>Tabla de SUP 60.000 COP<\/li><\/ul><p>Puedes encontrar m\u00e1s informaci\u00f3n sobre los precios <a href=\"https:\/\/www.guatapecolombia.net\/\" target=\"_blank\" rel=\"noopener\">aqu\u00ed<\/a><\/p><p><strong>Excursi\u00f3n en bicicleta y senderismo<\/strong><\/p><p>La impresionante naturaleza que rodea Guatap\u00e9 es perfecta para practicar senderismo y cicloturismo. Camine hasta la Cascada La Cuba, una cascada escondida, o haga una excursi\u00f3n en bicicleta a una de las fincas de los alrededores.<\/p><p><strong>Excursi\u00f3n de un d\u00eda a San Rafael<\/strong><\/p><p>Conduzca hasta San Rafael, a 30 minutos, y descubra r\u00edos cristalinos y piscinas naturales.<\/p>\t\t\t\t\t\t\t\t<\/div>\n\t\t\t\t<\/div>\n\t\t\t\t<div class=\"elementor-element elementor-element-93f9627 elementor-widget elementor-widget-spacer\" data-id=\"93f9627\" data-element_type=\"widget\" data-widget_type=\"spacer.default\">\n\t\t\t\t<div class=\"elementor-widget-container\">\n\t\t\t\t\t\t\t<div class=\"elementor-spacer\">\n\t\t\t<div class=\"elementor-spacer-inner\"><\/div>\n\t\t<\/div>\n\t\t\t\t\t\t<\/div>\n\t\t\t\t<\/div>\n\t\t\t\t<div class=\"elementor-element elementor-element-898ef6e elementor-widget elementor-widget-heading\" data-id=\"898ef6e\" data-element_type=\"widget\" data-widget_type=\"heading.default\">\n\t\t\t\t<div class=\"elementor-widget-container\">\n\t\t\t\t\t<h3 class=\"elementor-heading-title elementor-size-default\">Hoteles y Hostales en Guatap\u00e9<\/h3>\t\t\t\t<\/div>\n\t\t\t\t<\/div>\n\t\t\t\t<div class=\"elementor-element elementor-element-bb58cc9 elementor-widget elementor-widget-image\" data-id=\"bb58cc9\" data-element_type=\"widget\" data-widget_type=\"image.default\">\n\t\t\t\t<div class=\"elementor-widget-container\">\n\t\t\t\t\t\t\t\t\t\t\t\t\t\t\t<img loading=\"lazy\" decoding=\"async\" width=\"800\" height=\"533\" src=\"https:\/\/kolumbienblog.com\/wp-content\/uploads\/2025\/05\/Lakeview-Hostel.webp\" class=\"attachment-large size-large wp-image-22401\" alt=\"Lakeview Hostel\" srcset=\"https:\/\/kolumbienblog.com\/wp-content\/uploads\/2025\/05\/Lakeview-Hostel.webp 800w, https:\/\/kolumbienblog.com\/wp-content\/uploads\/2025\/05\/Lakeview-Hostel-300x200.webp 300w, https:\/\/kolumbienblog.com\/wp-content\/uploads\/2025\/05\/Lakeview-Hostel-768x512.webp 768w\" sizes=\"(max-width: 800px) 100vw, 800px\" \/>\t\t\t\t\t\t\t\t\t\t\t\t\t\t\t<\/div>\n\t\t\t\t<\/div>\n\t\t\t\t<div class=\"elementor-element elementor-element-c252e5f elementor-widget elementor-widget-text-editor\" data-id=\"c252e5f\" data-element_type=\"widget\" data-widget_type=\"text-editor.default\">\n\t\t\t\t<div class=\"elementor-widget-container\">\n\t\t\t\t\t\t\t\t\t<p>La mayor\u00eda de la gente que conoc\u00ed se aloj\u00f3 en <a href=\"http:\/\/prf.hn\/click\/camref:1011lHBx\/destination:http%3A%2F%2Fwww.hostelworld.com%2Fhosteldetails.php%2FLake-View-Hostel%2FGuatape%2F46317\" target=\"_blank\" rel=\"nofollow noopener\">el econ\u00f3mico Lakeview Hostel<\/a>, pero si prefieres algo m\u00e1s lujoso, tambi\u00e9n puedes alquilar una finca.<\/p><p>Otros albergues recomendados en Guatap\u00e9 son:<\/p>\t\t\t\t\t\t\t\t<\/div>\n\t\t\t\t<\/div>\n\t\t\t\t<div class=\"elementor-element elementor-element-94f15cc elementor-widget elementor-widget-heading\" data-id=\"94f15cc\" data-element_type=\"widget\" data-widget_type=\"heading.default\">\n\t\t\t\t<div class=\"elementor-widget-container\">\n\t\t\t\t\t<h4 class=\"elementor-heading-title elementor-size-default\">Galeria Guatap\u00e9 Hostel<\/h4>\t\t\t\t<\/div>\n\t\t\t\t<\/div>\n\t\t\t\t<div class=\"elementor-element elementor-element-17a1a7a elementor-widget elementor-widget-image\" data-id=\"17a1a7a\" data-element_type=\"widget\" data-widget_type=\"image.default\">\n\t\t\t\t<div class=\"elementor-widget-container\">\n\t\t\t\t\t\t\t\t\t\t\t\t\t\t\t<img loading=\"lazy\" decoding=\"async\" width=\"1024\" height=\"768\" src=\"https:\/\/kolumbienblog.com\/wp-content\/uploads\/2025\/03\/Galeria-Guatape-Hostel-1024x768.jpg\" class=\"attachment-large size-large wp-image-22203\" alt=\"Galeria Guatape Hostel\" srcset=\"https:\/\/kolumbienblog.com\/wp-content\/uploads\/2025\/03\/Galeria-Guatape-Hostel-1024x768.jpg 1024w, https:\/\/kolumbienblog.com\/wp-content\/uploads\/2025\/03\/Galeria-Guatape-Hostel-300x225.jpg 300w, https:\/\/kolumbienblog.com\/wp-content\/uploads\/2025\/03\/Galeria-Guatape-Hostel-768x576.jpg 768w, https:\/\/kolumbienblog.com\/wp-content\/uploads\/2025\/03\/Galeria-Guatape-Hostel.jpg 1200w\" sizes=\"(max-width: 1024px) 100vw, 1024px\" \/>\t\t\t\t\t\t\t\t\t\t\t\t\t\t\t<\/div>\n\t\t\t\t<\/div>\n\t\t\t\t<div class=\"elementor-element elementor-element-1bd44977 elementor-widget elementor-widget-text-editor\" data-id=\"1bd44977\" data-element_type=\"widget\" data-widget_type=\"text-editor.default\">\n\t\t\t\t<div class=\"elementor-widget-container\">\n\t\t\t\t\t\t\t\t\t<p><strong>Precio: Dormitorio desde 9,00 Euro<\/strong><\/p><p>Consulta los precios actuales aqu\u00ed en <a href=\"http:\/\/www.booking.com\/hotel\/co\/galeria-guatape-hostel.html?aid=887547&amp;no_rooms=1&amp;group_adults=1\" target=\"_blank\" rel=\"nofollow noopener\">booking.com\u00a0<\/a><\/p><p>Personalmente, creo que Guatap\u00e9 es el destino perfecto para una excursi\u00f3n de un d\u00eda.<\/p>\t\t\t\t\t\t\t\t<\/div>\n\t\t\t\t<\/div>\n\t\t\t\t\t<\/div>\n\t\t<\/div>\n\t\t\t\t\t<\/div>\n\t\t<\/section>\n\t\t\t\t<\/div>\n\t\t","protected":false},"excerpt":{"rendered":"<p>Guatap\u00e9, la peque\u00f1a y colorida ciudad de Antioquia, se encuentra a unas 2 horas (80 km) al este de Medell\u00edn. Guatap\u00e9 es especialmente famosa por sus z\u00f3calos (murales en relieve)&hellip; <\/p>\n","protected":false},"author":1,"featured_media":3165,"parent":0,"menu_order":0,"comment_status":"closed","ping_status":"open","template":"","meta":{"footnotes":""},"class_list":["post-22393","page","type-page","status-publish","has-post-thumbnail","hentry"],"aioseo_notices":[],"_links":{"self":[{"href":"https:\/\/kolumbienblog.com\/es\/wp-json\/wp\/v2\/pages\/22393","targetHints":{"allow":["GET"]}}],"collection":[{"href":"https:\/\/kolumbienblog.com\/es\/wp-json\/wp\/v2\/pages"}],"about":[{"href":"https:\/\/kolumbienblog.com\/es\/wp-json\/wp\/v2\/types\/page"}],"author":[{"embeddable":true,"href":"https:\/\/kolumbienblog.com\/es\/wp-json\/wp\/v2\/users\/1"}],"replies":[{"embeddable":true,"href":"https:\/\/kolumbienblog.com\/es\/wp-json\/wp\/v2\/comments?post=22393"}],"version-history":[{"count":10,"href":"https:\/\/kolumbienblog.com\/es\/wp-json\/wp\/v2\/pages\/22393\/revisions"}],"predecessor-version":[{"id":22405,"href":"https:\/\/kolumbienblog.com\/es\/wp-json\/wp\/v2\/pages\/22393\/revisions\/22405"}],"wp:featuredmedia":[{"embeddable":true,"href":"https:\/\/kolumbienblog.com\/es\/wp-json\/wp\/v2\/media\/3165"}],"wp:attachment":[{"href":"https:\/\/kolumbienblog.com\/es\/wp-json\/wp\/v2\/media?parent=22393"}],"curies":[{"name":"wp","href":"https:\/\/api.w.org\/{rel}","templated":true}]}}