{"id":2757,"date":"2017-12-19T18:14:56","date_gmt":"2017-12-19T18:14:56","guid":{"rendered":"http:\/\/kolumbienblog.com\/?page_id=2757"},"modified":"2017-12-19T18:14:56","modified_gmt":"2017-12-19T18:14:56","slug":"escribeme","status":"publish","type":"page","link":"http:\/\/kolumbienblog.com\/es\/escribeme\/","title":{"rendered":"Escr\u00edbeme"},"content":{"rendered":"<h1><strong>Escribe para m\u00ed o para todos nosotros como Comunidad Colombiana<\/strong><\/h1>\n<p>\u00bfTe gusta escribir, eres un fot\u00f3grafo o so\u00f1ador y amas Colombia? \u00bfTe gusta grabar tus experiencias visualmente o por escrito? El Blog de Colombia desea expandir su comunidad de lectores y autores. Si te gusta viajar por Colombia o Sudam\u00e9rica, cont\u00e1ctame y \u00fanete a mi blog. Espero historias y contenidos maravillosos, inspiradores e informativos.<\/p>\n<p>&nbsp;<\/p>\n<p><strong>\u00bfPor qu\u00e9 colaborar con el blog de Colombia?<\/strong><\/p>\n<p>Tal vez usted mismo escriba un blog y desee promocionarlo en kolumbienblog.com; puede simplemente desee escribir o compartir sus experiencias con un p\u00fablico m\u00e1s amplio. Tambi\u00e9n puede que quieras ayudar a otras personas con informaci\u00f3n \u00fatil o compartir algo de su experiencia. Si es as\u00ed, solo cont\u00e1ctame.<\/p>\n<p>Pero no solo los autores obtienen una plataforma en Kolumbienblog, sino tambi\u00e9n los fot\u00f3grafos, que pueden publicar sus fotos aqu\u00ed.<\/p>\n<p><em><strong>\u00a0<\/strong><\/em><\/p>\n<p><em><strong>Esto debe estar incluido en tu publicaci\u00f3n:<\/strong><\/em><\/p>\n<ul>\n<li>Tu art\u00edculo debe tener un m\u00ednimos de 500 palabras<\/li>\n<li>Las fotos que desees insertar en tu publicaci\u00f3n tienen que tener un m\u00ednimo de 800px de ancho<\/li>\n<li>Una direcci\u00f3n de correo electr\u00f3nico y una imagen con la que pueda crearte un perfil.<\/li>\n<li>Links a los sitios web, blogs o redes sociales que te gustar\u00eda compartir.<\/li>\n<\/ul>\n<p>&nbsp;<\/p>\n<p><em><strong>\u00bfEres fot\u00f3grafo\/a?<\/strong><\/em><\/p>\n<p>Si usted es fot\u00f3grafo y desea compartir sus fotos, debe enviarnos la siguiente informaci\u00f3n por correo;<\/p>\n<ul>\n<li>5-15 Fotos, con un m\u00ednimo de 800px<\/li>\n<li>Una introducci\u00f3n de un m\u00ednimo de 150 palabras para introducir a tus fotos y a ti mismo<\/li>\n<li>Una direcci\u00f3n de correo electr\u00f3nico y una imagen con la que pueda crearte un perfil.<\/li>\n<li>Links a los sitios web, blogs o redes sociales que te gustar\u00eda compartir.<\/li>\n<\/ul>\n<p>Si necesita m\u00e1s informaci\u00f3n o desea enviarme sus ideas o art\u00edculos, env\u00edeme un correo electr\u00f3nico a <a href=\"mailto:support@kolumbienblog.com\">support@kolumbienblog.com<\/a> . \u00a1Gracias y divi\u00e9rtete donde sea que est\u00e9s en este planeta!<\/p>\n","protected":false},"excerpt":{"rendered":"<p>Escribe para m\u00ed o para todos nosotros como Comunidad Colombiana \u00bfTe gusta escribir, eres un fot\u00f3grafo o so\u00f1ador y amas Colombia? \u00bfTe gusta grabar tus experiencias visualmente o por escrito?&hellip; <\/p>\n","protected":false},"author":1,"featured_media":396,"parent":0,"menu_order":0,"comment_status":"closed","ping_status":"closed","template":"","meta":{"footnotes":""},"class_list":["post-2757","page","type-page","status-publish","has-post-thumbnail","hentry"],"aioseo_notices":[],"_links":{"self":[{"href":"http:\/\/kolumbienblog.com\/es\/wp-json\/wp\/v2\/pages\/2757","targetHints":{"allow":["GET"]}}],"collection":[{"href":"http:\/\/kolumbienblog.com\/es\/wp-json\/wp\/v2\/pages"}],"about":[{"href":"http:\/\/kolumbienblog.com\/es\/wp-json\/wp\/v2\/types\/page"}],"author":[{"embeddable":true,"href":"http:\/\/kolumbienblog.com\/es\/wp-json\/wp\/v2\/users\/1"}],"replies":[{"embeddable":true,"href":"http:\/\/kolumbienblog.com\/es\/wp-json\/wp\/v2\/comments?post=2757"}],"version-history":[{"count":1,"href":"http:\/\/kolumbienblog.com\/es\/wp-json\/wp\/v2\/pages\/2757\/revisions"}],"predecessor-version":[{"id":2758,"href":"http:\/\/kolumbienblog.com\/es\/wp-json\/wp\/v2\/pages\/2757\/revisions\/2758"}],"wp:featuredmedia":[{"embeddable":true,"href":"http:\/\/kolumbienblog.com\/es\/wp-json\/wp\/v2\/media\/396"}],"wp:attachment":[{"href":"http:\/\/kolumbienblog.com\/es\/wp-json\/wp\/v2\/media?parent=2757"}],"curies":[{"name":"wp","href":"https:\/\/api.w.org\/{rel}","templated":true}]}}